{"id":1966,"date":"2021-04-15T10:19:18","date_gmt":"2021-04-15T10:19:18","guid":{"rendered":"https:\/\/www.ecosteryl.com\/mentions-legales\/"},"modified":"2021-05-19T06:51:57","modified_gmt":"2021-05-19T06:51:57","slug":"politica-de-privacidad","status":"publish","type":"page","link":"https:\/\/www.ecosteryl.com\/es\/politica-de-privacidad\/","title":{"rendered":"Pol\u00edtica de privacidad"},"content":{"rendered":"\n<h1 class=\"wp-block-heading\"><strong>Pol\u00edtica de privacidad<\/strong><\/h1>\n\n\n\n<h4 class=\"wp-block-heading\"><strong>Introduction<\/strong><\/h4>\n\n\n\n<p><strong><em>AMB SA (qui d\u00e9tient la marque Ecosteryl)<\/em><\/strong>, dont le si\u00e8ge social se trouve&nbsp;<strong><em>1 Avenue Nicolas Copernic \u00e0 7000 Mons<\/em>&nbsp;<\/strong>et inscrit dans la Banque Carrefour des Entreprises sous le num\u00e9ro d\u2019entreprise&nbsp;<strong><em>BE 0401.117.170<\/em><\/strong>, accorde une grande importance \u00e0 la collecte et au traitement s\u00fbr, transparent et confidentiel de vos donn\u00e9es \u00e0 caract\u00e8re personnel.<\/p>\n\n\n\n<p>Nous souhaitons en particulier prot\u00e9ger les donn\u00e9es de nos clients, prestataires (sous-traitants et fournisseurs), notamment, contre les pertes, violations, erreurs, acc\u00e8s ou traitements non autoris\u00e9s.<\/p>\n\n\n\n<p>Par cette Politique de Protection des Donn\u00e9es, nous voulons vous informer de la collecte et du traitement de vos donn\u00e9es \u00e0 caract\u00e8re personnel.<\/p>\n\n\n\n<p>Nous vous demandons de la lire attentivement puisqu\u2019elle contient des informations importantes sur la mani\u00e8re dont nous traitons vos donn\u00e9es \u00e0 caract\u00e8re personnel et la raison pour laquelle nous le faisons.<\/p>\n\n\n\n<p>En communiquant vos donn\u00e9es \u00e0 caract\u00e8re personnel, vous d\u00e9clarez explicitement avoir pris connaissance de cette Politique de Protection des Donn\u00e9es et vous en acceptez explicitement son contenu ainsi que le traitement de vos donn\u00e9es.<\/p>\n\n\n\n<h4 class=\"wp-block-heading\"><strong>Champ d\u2019application<\/strong><\/h4>\n\n\n\n<p>Cette Politique de Protection des Donn\u00e9es concerne l\u2019ensemble des services fournis par&nbsp;<strong><em>AMB SA<\/em><\/strong>&nbsp;et plus g\u00e9n\u00e9ralement toutes les activit\u00e9s exerc\u00e9es.<\/p>\n\n\n\n<p><strong>Responsable du traitement et ses engagements<\/strong><\/p>\n\n\n\n<p><strong><em>AMB SA<\/em><\/strong>, dont le si\u00e8ge social se trouve&nbsp;<strong><em>1 Avenue Nicolas Copernic \u00e0 7000 Mons<\/em>&nbsp;<\/strong>et ayant comme num\u00e9ro d\u2019entreprise&nbsp;<strong><em>BE 0401.117.170<\/em><\/strong>, est le responsable du traitement de vos donn\u00e9es \u00e0 caract\u00e8re personnel.<\/p>\n\n\n\n<p>Dans la collecte et le traitement de vos donn\u00e9es \u00e0 caract\u00e8re personnel, nous respectons la l\u00e9gislation belge en mati\u00e8re de protection des donn\u00e9es \u00e0 caract\u00e8re personnel, ainsi que le R\u00e8glement G\u00e9n\u00e9ral de la Protection des Donn\u00e9es (RGPD) depuis son entr\u00e9e en vigueur le 25 mai 2018.<\/p>\n\n\n\n<h4 class=\"wp-block-heading\"><strong>Donn\u00e9es \u00e0 caract\u00e8re personnel<\/strong><\/h4>\n\n\n\n<p>Selon vos activit\u00e9s et le rapport entretenu avec notre entreprise, vous nous communiquez les donn\u00e9es \u00e0 caract\u00e8re personnel suivantes: vos donn\u00e9es d\u2019identit\u00e9 et vos coordonn\u00e9es (Nom, Titre, adresse, adresse e-mail, num\u00e9ro de t\u00e9l\u00e9phone, GSM).<\/p>\n\n\n\n<p>Nous nous permettons de vous signaler que vous portez la responsabilit\u00e9 pour toutes les donn\u00e9es que vous nous fournissez et nous comptons sur leur exactitude. Si ces donn\u00e9es ne sont plus \u00e0 jour, nous vous demandons de nous en informer imm\u00e9diatement.<\/p>\n\n\n\n<p>Vous n\u2019\u00eates bien entendu pas oblig\u00e9s de communiquer vos donn\u00e9es \u00e0 caract\u00e8re personnel mais comprenez qu\u2019il nous sera impossible d\u2019offrir certains services ou de collaborer si vous ne consentez pas \u00e0 la collecte et au traitement de certaines donn\u00e9es.<\/p>\n\n\n\n<h4 class=\"wp-block-heading\"><strong>Les finalit\u00e9s du traitement et la base juridique<\/strong><\/h4>\n\n\n\n<p><em><u>Donn\u00e9es du client<\/u><\/em><\/p>\n\n\n\n<p>Dans le cadre de nos services et activit\u00e9s, nous collectons et traitons les donn\u00e9es d\u2019identit\u00e9 et les coordonn\u00e9es de nos clients et des commettants, de leur personnel, collaborateurs, pr\u00e9pos\u00e9s et toute autre personne de contact utile. Les finalit\u00e9s de ces traitements sont l\u2019ex\u00e9cution des accords avec nos clients, la gestion des clients et la comptabilit\u00e9. Les bases juridiques sont l\u2019ex\u00e9cution d\u2019un contrat, le respect d\u2019obligations l\u00e9gales et r\u00e9glementaires et\/ou notre int\u00e9r\u00eat l\u00e9gitime.<\/p>\n\n\n\n<p><em><u>Donn\u00e9es des fournisseurs et sous-traitants<\/u><\/em><\/p>\n\n\n\n<p>Nous collectons et traitons les donn\u00e9es d\u2019identit\u00e9 et les coordonn\u00e9es de nos prestataires (fournisseurs et sous-traitants), ainsi que leurs \u00e9ventuels (sub)sous-traitant(s), de leur personnel, collaborateurs, pr\u00e9pos\u00e9s et toute autre personne de contact utile. Les finalit\u00e9s de ces traitements sont l\u2019ex\u00e9cution de cet accord, la gestion des fournisseurs\/sous-traitants et la comptabilit\u00e9. Les bases juridiques sont l\u2019ex\u00e9cution du contrat, le respect des obligations l\u00e9gales et r\u00e9glementaires et\/ou notre int\u00e9r\u00eat l\u00e9gitime.<\/p>\n\n\n\n<p><em><u>Donn\u00e9es du personnel<\/u><\/em><\/p>\n\n\n\n<p>Nous traitons les donn\u00e9es \u00e0 caract\u00e8re personnel de nos travailleurs dans le cadre de notre gestion du personnel et de la gestion des salaires. Eu \u00e9gard sa nature sp\u00e9cifique, ce traitement est trait\u00e9 de fa\u00e7on plus \u00e9labor\u00e9e dans le R\u00e8glement de travail ainsi que dans la Politique de gestion des donn\u00e9es \u00e0 caract\u00e8re personnel des travailleurs.<\/p>\n\n\n\n<p><em><u>Autres donn\u00e9es<\/u><\/em><\/p>\n\n\n\n<p>En plus des donn\u00e9es cit\u00e9es ci-dessus, nous traitons \u00e9galement les donn\u00e9es \u00e0 caract\u00e8re personnel d\u2019autres personnes, telles que les nouveaux clients\/prospects, contacts utiles au sein de notre secteur d\u2019activit\u00e9s, etc. Les finalit\u00e9s de ces traitements sont dans l\u2019int\u00e9r\u00eat de nos activit\u00e9s, la prospection directe et les relations publiques. La base juridique est notre int\u00e9r\u00eat l\u00e9gitime ou en certains cas l\u2019ex\u00e9cution d\u2019un contrat.<\/p>\n\n\n\n<h4 class=\"wp-block-heading\"><strong>Dur\u00e9e du traitement<\/strong><\/h4>\n\n\n\n<p>Les donn\u00e9es \u00e0 caract\u00e8re personnel sont conserv\u00e9es et trait\u00e9es par&nbsp;<strong><em>AMB SA<\/em><\/strong>&nbsp;pour une p\u00e9riode n\u00e9cessaire en fonction des finalit\u00e9s du traitement et de la relation (contractuelle ou non) entre nous.<\/p>\n\n\n\n<p>Les donn\u00e9es des clients et des prestataires (fournisseurs ou sous-traitants) seront, dans tous les cas, conserv\u00e9es aussi longtemps que n\u00e9cessaire pour leur gestion ou encore que nous sommes tenus de garder pendant plus longtemps sur la base d\u2019une l\u00e9gislation sp\u00e9cifique ou en cas de litige en cours pour lequel les donn\u00e9es \u00e0 caract\u00e8re personnel sont n\u00e9cessaires .<\/p>\n\n\n\n<h4 class=\"wp-block-heading\"><strong>Droits<\/strong><\/h4>\n\n\n\n<p>Conform\u00e9ment \u00e0 et selon les conditions de la l\u00e9gislation belge relative \u00e0 la protection des donn\u00e9es et les dispositions du r\u00e8glement g\u00e9n\u00e9ral de la protection des donn\u00e9es, nous vous informons que vous disposez des droits suivants&nbsp;:<\/p>\n\n\n\n<ul class=\"wp-block-list\"><li><strong><em><u>Droit d\u2019acc\u00e8s&nbsp;:<\/u><\/em><\/strong>&nbsp;vous avez le droit de prendre connaissance gratuitement des donn\u00e9es qu\u2019<strong><em>AMB SA<\/em><\/strong>&nbsp;d\u00e9tient sur vous et de v\u00e9rifier \u00e0 quelles fins elles sont utilis\u00e9es.<\/li><li><strong><em><u>Droit de rectification&nbsp;:<\/u><\/em><\/strong>&nbsp;vous avez le droit d\u2019obtenir une rectification (correction) des donn\u00e9es \u00e0 caract\u00e8re personnel erron\u00e9es vous concernant, ainsi que le droit de compl\u00e9ter des donn\u00e9es \u00e0 caract\u00e8re personnel incompl\u00e8tes.<\/li><li><strong><em><u>Droit \u00e0 l\u2019oubli ou \u00e0 la limitation des donn\u00e9es&nbsp;:<\/u><\/em><\/strong>&nbsp;vous avez le droit de demander \u00e0&nbsp;<strong><em>AMB SA<\/em><\/strong>&nbsp;d\u2019effacer les donn\u00e9es \u00e0 caract\u00e8re personnel vous concernant ainsi que de limiter le traitement de ces donn\u00e9es dans les circonstances et sous les conditions stipul\u00e9es dans le r\u00e8glement g\u00e9n\u00e9ral de la protection des donn\u00e9es.&nbsp;<strong><em>AMB SA<\/em><\/strong>&nbsp;peut refuser l\u2019effacement ou la limitation des donn\u00e9es qui nous sont n\u00e9cessaires pour l\u2019ex\u00e9cution d\u2019une obligation l\u00e9gale, la r\u00e9alisation du contrat ou notre l\u2019int\u00e9r\u00eat l\u00e9gitime, pour autant que ces donn\u00e9es soient n\u00e9cessaires pour les finalit\u00e9s pour lesquelles elles ont \u00e9t\u00e9 collect\u00e9es.<\/li><li><strong><em><u>Droit \u00e0 la portabilit\u00e9 des donn\u00e9es&nbsp;:<\/u><\/em><\/strong>&nbsp;vous avez le droit de recevoir les donn\u00e9es \u00e0 caract\u00e8re personnel vous concernant que vous avez fourni \u00e0&nbsp;<strong><em>AMB SA<\/em><\/strong>, dans un format structur\u00e9, couramment utilis\u00e9 et lisible par machine. Vous avez le droit de transmettre ces donn\u00e9es \u00e0 un autre responsable du traitement.<\/li><li><strong><em><u>Droit d\u2019opposition&nbsp;:<\/u><\/em><\/strong>&nbsp;vous avez a le droit de vous opposer au traitement de vos donn\u00e9es \u00e0 caract\u00e8re personnel pour des raisons s\u00e9rieuses et l\u00e9gitimes. Vous ne pouvez toutefois pas vous opposer contre le traitement des donn\u00e9es n\u00e9cessaires \u00e0&nbsp;<strong><em>AMB SA<\/em><\/strong>&nbsp;pour l\u2019ex\u00e9cution d\u2019une obligation l\u00e9gale, la r\u00e9alisation du contrat ou notre int\u00e9r\u00eat l\u00e9gitime, pour autant que ces donn\u00e9es soient n\u00e9cessaires pour les finalit\u00e9s pour lesquelles elles ont \u00e9t\u00e9 collect\u00e9es.<\/li><li><strong><em><u>Droit de retrait du consentement&nbsp;:<\/u><\/em><\/strong>&nbsp;Si le traitement des donn\u00e9es \u00e0 caract\u00e8re personnel est bas\u00e9 sur le consentement pr\u00e9alable, vous disposez du droit de retirer ce consentement. Ces donn\u00e9es \u00e0 caract\u00e8re personnel seront alors trait\u00e9es uniquement si&nbsp;<strong><em>AMB SA<\/em><\/strong>&nbsp;dispose d\u2019une autre base juridique.<\/li><li><strong><em><u>D\u00e9cisions automatiques et profilage :<\/u><\/em><\/strong>&nbsp;<strong><em>AMB SA<\/em><\/strong>&nbsp;confirme que le traitement des donn\u00e9es \u00e0 caract\u00e8re personnel ne comprend pas de profilage et que le vous ne serez pas sujet \u00e0 des d\u00e9cisions enti\u00e8rement automatis\u00e9es.<\/li><\/ul>\n\n\n\n<p>Vous pourrez exercer les droits pr\u00e9cit\u00e9s en vous adressant \u00e0&nbsp;<strong><em>AMB SA<\/em><\/strong>,&nbsp;<strong><em>1 Avenue Nicolas Copernic \u00e0 7000 Mons<\/em><\/strong>.&nbsp; La personne de contact est le Data Protection Officer dont les coordonn\u00e9es sont :&nbsp;<a href=\"mailto:dpo@xxxxxxxxx.com\">dpo@ecosteryl.com<\/a>.<\/p>\n\n\n\n<p><strong><em>AMB SA<\/em><\/strong>&nbsp;met tout en \u0153uvre pour assurer un traitement m\u00e9ticuleux et l\u00e9gitime des donn\u00e9es \u00e0 caract\u00e8re personnel vous concernant, conform\u00e9ment \u00e0 la r\u00e8glementation applicable. Si vous estimez toutefois que vos droits n\u2019ont pas \u00e9t\u00e9 respect\u00e9s et que vous estimez que vos inqui\u00e9tudes ne sont pas \u00e9cout\u00e9es au sein de notre entreprise, vous \u00eates libre de d\u00e9poser une plainte aupr\u00e8s de :<\/p>\n\n\n\n<p><strong>Autorit\u00e9 de protection des Donn\u00e9es<\/strong><br>Rue de la Presse&nbsp; 35, 1000 Bruxelles<br>Tel. 02 274 48 00 \/ Fax. 02 274 48 35<\/p>\n\n\n\n<p>Courriel :&nbsp;<a href=\"mailto:contact@apd-gba.be\">contact@apd-gba.be<\/a><\/p>\n\n\n\n<p>Vous pouvez \u00e9galement avoir recours \u00e0 la voie judiciaire, si vous estimez que vous subissez un pr\u00e9judice caus\u00e9 par le traitement de vos donn\u00e9es \u00e0 caract\u00e8re personnel.<\/p>\n\n\n\n<h4 class=\"wp-block-heading\"><strong>Transferts des donn\u00e9es \u00e0 des tiers<\/strong><\/h4>\n\n\n\n<p>Certaines donn\u00e9es \u00e0 caract\u00e8re personnel vous concernant et collect\u00e9es par&nbsp;<strong><em>AMB SA<\/em><\/strong>, seront transf\u00e9r\u00e9es \u00e0 et peuvent \u00eatre trait\u00e9es par des tiers, comme notre prestataire IT, comptable, r\u00e9viseur.<\/p>\n\n\n\n<p>Actuellement, les parties tierces ne se trouvent pas en dehors de l\u2019Espace \u00e9conomique europ\u00e9en (\u00ab&nbsp;EEE&nbsp;\u00bb). Toutefois, si cela devait arriver, les donn\u00e9es \u00e0 caract\u00e8re personnel ne seront transmises qu\u2019aux pays tiers disposant d\u2019un niveau ad\u00e9quat de protection.<\/p>\n\n\n\n<p>Les travailleurs, managers et\/ou repr\u00e9sentants des prestataires de services ou institutions susmentionn\u00e9s ainsi que les prestataires de services sp\u00e9cialis\u00e9s d\u00e9sign\u00e9s par ceux-ci, sont tenus de respecter la nature confidentielle de vos donn\u00e9es \u00e0 caract\u00e8re personnel et ne pourront utiliser ces donn\u00e9es qu\u2019aux finalit\u00e9s pour lesquelles elles ont \u00e9t\u00e9 fournies.<\/p>\n\n\n\n<p>Si n\u00e9cessaire, les donn\u00e9es \u00e0 caract\u00e8re personnel pourront \u00eatre transmises \u00e0 d\u2019autres parties tierces. Cela pourra se faire en cas de r\u00e9organisation partielle ou enti\u00e8re de notre part, si nos activit\u00e9s sont transf\u00e9r\u00e9es ou en cas de d\u00e9claration de faillite. Il est \u00e9galement possible que les donn\u00e9es \u00e0 caract\u00e8re personnel devront \u00eatre transf\u00e9r\u00e9es en raison d\u2019une injonction ou afin de remplir une obligation l\u00e9gale particuli\u00e8re.&nbsp; Dans ce cas,&nbsp;<strong><em>AMB SA<\/em><\/strong>&nbsp;s\u2019efforcera autant que faire se peut de vous informer pr\u00e9alablement de cette communication \u00e0 d\u2019autres parties tierces. Vous reconnaissez et comprenez toutefois que sous certaines circonstances, cela n\u2019est pas toujours techniquement ou commercialement faisable, ou que des limitations l\u00e9gales peuvent s\u2019appliquer.<\/p>\n\n\n\n<p><strong><em>AMB SA<\/em><\/strong>&nbsp;ne vendra en aucun cas vos donn\u00e9es \u00e0 caract\u00e8re personnel et ne les mettra pas non plus \u00e0 disposition de bureaux de prospection directe ou de prestataires de services similaires, sauf votre accord pr\u00e9alable.<\/p>\n\n\n\n<p><strong>Mesures techniques et organisationnelles<\/strong><\/p>\n\n\n\n<p><strong><em>AMB SA<\/em><\/strong>&nbsp;prendra les mesures techniques et organisationnelles n\u00e9cessaires afin de traiter vos donn\u00e9es \u00e0 un niveau de s\u00e9curit\u00e9 suffisant et de les prot\u00e9ger contre toute perte, falsification, acc\u00e8s non autoris\u00e9 ou notifications \u00e0 des tiers par erreur, ainsi que tout traitement non autoris\u00e9 de ces donn\u00e9es.<\/p>\n\n\n\n<p>En aucun cas&nbsp;<strong><em>AMB SA<\/em><\/strong>&nbsp;ne pourra \u00eatre tenu responsable pour d\u2019\u00e9ventuels dommages directs ou indirects provoqu\u00e9s par une utilisation erron\u00e9e ou illicite des donn\u00e9es \u00e0 caract\u00e8re personnel par un tiers.<\/p>\n\n\n\n<h4 class=\"wp-block-heading\"><strong>Acc\u00e8s par des tiers<\/strong><\/h4>\n\n\n\n<p>Au vu du traitement de vos donn\u00e9es \u00e0 caract\u00e8re personnel,&nbsp;<strong><em>AMB SA<\/em><\/strong>&nbsp;autorise l\u2019acc\u00e8s \u00e0 vos donn\u00e9es \u00e0 caract\u00e8re personnel \u00e0 ses travailleurs, collaborateurs, pr\u00e9pos\u00e9s.&nbsp;<strong><em>AMB SA<\/em><\/strong>&nbsp;garantit un niveau de protection semblable en imposant des obligations contractuelles \u00e0 ses travailleurs, collaborateurs et pr\u00e9pos\u00e9s, semblables \u00e0 celles d\u00e9crites dans la pr\u00e9sente Politique.<\/p>\n\n\n\n<h4 class=\"wp-block-heading\"><strong>Questions&nbsp;?<\/strong><\/h4>\n\n\n\n<p>S\u2019il vous reste des questions concernant la collecte et le traitement de vos donn\u00e9es \u00e0 caract\u00e8re personnel apr\u00e8s avoir pris connaissance de cette Politique de Protection des Donn\u00e9es, vous pouvez contacter&nbsp;<strong><em>AMB SA<\/em><\/strong>&nbsp;par courrier&nbsp;:&nbsp;<strong><em>1 Avenue Nicolas Copernic \u00e0 7000 Mons<\/em><\/strong>&nbsp;ou le Data protection Officer par mail&nbsp;:&nbsp;<a href=\"mailto:dpo@xxxxxxxxx.com\">dpo@ecosteryl.com<\/a>.<\/p>\n","protected":false},"excerpt":{"rendered":"<p>Pol\u00edtica de privacidad Introduction AMB SA (qui d\u00e9tient la marque Ecosteryl), dont le si\u00e8ge social [&hellip;]<\/p>\n","protected":false},"author":1,"featured_media":0,"parent":0,"menu_order":0,"comment_status":"closed","ping_status":"closed","template":"page-templates\/template-sample.php","meta":{"_acf_changed":false,"inline_featured_image":false,"footnotes":""},"class_list":["post-1966","page","type-page","status-publish","hentry"],"acf":[],"yoast_head":"<!-- This site is optimized with the Yoast SEO plugin v20.2.1 - https:\/\/yoast.com\/wordpress\/plugins\/seo\/ -->\n<title>Pol\u00edtica de privacidad - Ecosteryl<\/title>\n<meta name=\"robots\" content=\"index, follow, max-snippet:-1, max-image-preview:large, max-video-preview:-1\" \/>\n<link rel=\"canonical\" href=\"https:\/\/www.ecosteryl.com\/es\/politica-de-privacidad\/\" \/>\n<meta property=\"og:locale\" content=\"es_ES\" \/>\n<meta property=\"og:type\" content=\"article\" \/>\n<meta property=\"og:title\" content=\"Pol\u00edtica de privacidad - Ecosteryl\" \/>\n<meta property=\"og:description\" content=\"Pol\u00edtica de privacidad Introduction AMB SA (qui d\u00e9tient la marque Ecosteryl), dont le si\u00e8ge social [&hellip;]\" \/>\n<meta property=\"og:url\" content=\"https:\/\/www.ecosteryl.com\/es\/politica-de-privacidad\/\" \/>\n<meta property=\"og:site_name\" content=\"Ecosteryl\" \/>\n<meta property=\"article:publisher\" content=\"https:\/\/www.facebook.com\/Ecosteryl\" \/>\n<meta property=\"article:modified_time\" content=\"2021-05-19T06:51:57+00:00\" \/>\n<meta property=\"og:image\" content=\"https:\/\/www.ecosteryl.com\/app\/uploads\/2021\/05\/opengraphe-fr.jpg\" \/>\n\t<meta property=\"og:image:width\" content=\"1200\" \/>\n\t<meta property=\"og:image:height\" content=\"628\" \/>\n\t<meta property=\"og:image:type\" content=\"image\/jpeg\" \/>\n<meta name=\"twitter:card\" content=\"summary_large_image\" \/>\n<meta name=\"twitter:site\" content=\"@ecosteryl\" \/>\n<meta name=\"twitter:label1\" content=\"Est. reading time\" \/>\n\t<meta name=\"twitter:data1\" content=\"8 minutes\" \/>\n<script type=\"application\/ld+json\" class=\"yoast-schema-graph\">{\"@context\":\"https:\/\/schema.org\",\"@graph\":[{\"@type\":\"WebPage\",\"@id\":\"https:\/\/www.ecosteryl.com\/es\/politica-de-privacidad\/\",\"url\":\"https:\/\/www.ecosteryl.com\/es\/politica-de-privacidad\/\",\"name\":\"Pol\u00edtica de privacidad - Ecosteryl\",\"isPartOf\":{\"@id\":\"https:\/\/www.ecosteryl.com\/en\/#website\"},\"datePublished\":\"2021-04-15T10:19:18+00:00\",\"dateModified\":\"2021-05-19T06:51:57+00:00\",\"breadcrumb\":{\"@id\":\"https:\/\/www.ecosteryl.com\/es\/politica-de-privacidad\/#breadcrumb\"},\"inLanguage\":\"es-ES\",\"potentialAction\":[{\"@type\":\"ReadAction\",\"target\":[\"https:\/\/www.ecosteryl.com\/es\/politica-de-privacidad\/\"]}]},{\"@type\":\"BreadcrumbList\",\"@id\":\"https:\/\/www.ecosteryl.com\/es\/politica-de-privacidad\/#breadcrumb\",\"itemListElement\":[{\"@type\":\"ListItem\",\"position\":1,\"name\":\"Accueil\",\"item\":\"https:\/\/www.ecosteryl.com\/es\/\"},{\"@type\":\"ListItem\",\"position\":2,\"name\":\"Pol\u00edtica de privacidad\"}]},{\"@type\":\"WebSite\",\"@id\":\"https:\/\/www.ecosteryl.com\/en\/#website\",\"url\":\"https:\/\/www.ecosteryl.com\/en\/\",\"name\":\"Ecosteryl\",\"description\":\"\",\"potentialAction\":[{\"@type\":\"SearchAction\",\"target\":{\"@type\":\"EntryPoint\",\"urlTemplate\":\"https:\/\/www.ecosteryl.com\/en\/?s={search_term_string}\"},\"query-input\":\"required name=search_term_string\"}],\"inLanguage\":\"es-ES\"}]}<\/script>\n<!-- \/ Yoast SEO plugin. -->","yoast_head_json":{"title":"Pol\u00edtica de privacidad - Ecosteryl","robots":{"index":"index","follow":"follow","max-snippet":"max-snippet:-1","max-image-preview":"max-image-preview:large","max-video-preview":"max-video-preview:-1"},"canonical":"https:\/\/www.ecosteryl.com\/es\/politica-de-privacidad\/","og_locale":"es_ES","og_type":"article","og_title":"Pol\u00edtica de privacidad - Ecosteryl","og_description":"Pol\u00edtica de privacidad Introduction AMB SA (qui d\u00e9tient la marque Ecosteryl), dont le si\u00e8ge social [&hellip;]","og_url":"https:\/\/www.ecosteryl.com\/es\/politica-de-privacidad\/","og_site_name":"Ecosteryl","article_publisher":"https:\/\/www.facebook.com\/Ecosteryl","article_modified_time":"2021-05-19T06:51:57+00:00","og_image":[{"width":1200,"height":628,"url":"https:\/\/www.ecosteryl.com\/app\/uploads\/2021\/05\/opengraphe-fr.jpg","type":"image\/jpeg"}],"twitter_card":"summary_large_image","twitter_site":"@ecosteryl","twitter_misc":{"Est. reading time":"8 minutes"},"schema":{"@context":"https:\/\/schema.org","@graph":[{"@type":"WebPage","@id":"https:\/\/www.ecosteryl.com\/es\/politica-de-privacidad\/","url":"https:\/\/www.ecosteryl.com\/es\/politica-de-privacidad\/","name":"Pol\u00edtica de privacidad - Ecosteryl","isPartOf":{"@id":"https:\/\/www.ecosteryl.com\/en\/#website"},"datePublished":"2021-04-15T10:19:18+00:00","dateModified":"2021-05-19T06:51:57+00:00","breadcrumb":{"@id":"https:\/\/www.ecosteryl.com\/es\/politica-de-privacidad\/#breadcrumb"},"inLanguage":"es-ES","potentialAction":[{"@type":"ReadAction","target":["https:\/\/www.ecosteryl.com\/es\/politica-de-privacidad\/"]}]},{"@type":"BreadcrumbList","@id":"https:\/\/www.ecosteryl.com\/es\/politica-de-privacidad\/#breadcrumb","itemListElement":[{"@type":"ListItem","position":1,"name":"Accueil","item":"https:\/\/www.ecosteryl.com\/es\/"},{"@type":"ListItem","position":2,"name":"Pol\u00edtica de privacidad"}]},{"@type":"WebSite","@id":"https:\/\/www.ecosteryl.com\/en\/#website","url":"https:\/\/www.ecosteryl.com\/en\/","name":"Ecosteryl","description":"","potentialAction":[{"@type":"SearchAction","target":{"@type":"EntryPoint","urlTemplate":"https:\/\/www.ecosteryl.com\/en\/?s={search_term_string}"},"query-input":"required name=search_term_string"}],"inLanguage":"es-ES"}]}},"_links":{"self":[{"href":"https:\/\/www.ecosteryl.com\/es\/wp-json\/wp\/v2\/pages\/1966","targetHints":{"allow":["GET"]}}],"collection":[{"href":"https:\/\/www.ecosteryl.com\/es\/wp-json\/wp\/v2\/pages"}],"about":[{"href":"https:\/\/www.ecosteryl.com\/es\/wp-json\/wp\/v2\/types\/page"}],"author":[{"embeddable":true,"href":"https:\/\/www.ecosteryl.com\/es\/wp-json\/wp\/v2\/users\/1"}],"replies":[{"embeddable":true,"href":"https:\/\/www.ecosteryl.com\/es\/wp-json\/wp\/v2\/comments?post=1966"}],"version-history":[{"count":2,"href":"https:\/\/www.ecosteryl.com\/es\/wp-json\/wp\/v2\/pages\/1966\/revisions"}],"predecessor-version":[{"id":5337,"href":"https:\/\/www.ecosteryl.com\/es\/wp-json\/wp\/v2\/pages\/1966\/revisions\/5337"}],"wp:attachment":[{"href":"https:\/\/www.ecosteryl.com\/es\/wp-json\/wp\/v2\/media?parent=1966"}],"curies":[{"name":"wp","href":"https:\/\/api.w.org\/{rel}","templated":true}]}}