{"id":4903,"date":"2021-05-12T17:20:23","date_gmt":"2021-05-12T17:20:23","guid":{"rendered":"https:\/\/www.ecosteryl.com\/faq\/"},"modified":"2023-07-19T08:55:16","modified_gmt":"2023-07-19T08:55:16","slug":"faq","status":"publish","type":"page","link":"https:\/\/www.ecosteryl.com\/es\/faq\/","title":{"rendered":"F.A.Q."},"content":{"rendered":"\n<div  id=\"ets-block_adff0d862544aa60b2fe0a5fd59ec172\" class=\"container\">\n  <div class=\"row py-section\">\n    <div class=\"col-md-10\"><h2 class=\"h1 section__title font__gradient mb-4\">Sus preguntas m\u00e1s frecuentes<\/h2><div class=\"section__content\"><h3>1) La descontaminaci\u00f3n se realiza a 100\u00b0C-110\u00b0C. \u00bfEs suficientemente alto para obtener buenos resultados de descontaminaci\u00f3n? \u00bfEs posible comprobar la fiabilidad del proceso?<\/h3>\n<p>El proceso de descontaminaci\u00f3n que consiste en mantener los residuos secos a 100\u00b0C durante 45 minutos est\u00e1 validado por la OMS y el Instituto Louis Pasteur en Francia. Adicionalmente, este proceso est\u00e1 conforme con la norma NF X30-503, una de las m\u00e1s estrictas del mundo en relaci\u00f3n con la descontaminaci\u00f3n de residuos m\u00e9dicos. El sistema Ecosteryl permite obtener una reducci\u00f3n de 6 log<sub>10<\/sub>, y cada unidad se suministra con indicadores biol\u00f3gicos que permiten llevar a cabo pruebas peri\u00f3dicas de la eficiencia del proceso.<\/p>\n<h3>2) \u00bfQu\u00e9 tipo de residuos se trata con la tecnolog\u00eda de Ecosteryl?<\/h3>\n<p>El sistema Ecosteryl puede tratar cualquier tipo de residuo m\u00e9dico, a excepci\u00f3n de los siguientes elementos:<\/p>\n<ol>\n<li>Residuos farmac\u00e9uticos<\/li>\n<li>Residuos qu\u00edmicos<\/li>\n<li>Residuos radiactivos<\/li>\n<li>Residuos citot\u00f3xicos<\/li>\n<\/ol>\n<p>La tecnolog\u00eda de microondas dise\u00f1ada especialmente para el sistema Ecosteryl no se ve afectada por peque\u00f1os objetos met\u00e1licos mezclados con otros residuos. Asimismo, en la formaci\u00f3n de operaci\u00f3n y mantenimiento que se imparte durante la instalaci\u00f3n, se explica c\u00f3mo lograr una mezcla eficiente para alcanzar un tratamiento \u00f3ptimo.<\/p>\n<h3>3) \u00bfCu\u00e1les son los requisitos t\u00e9cnicos para la instalaci\u00f3n de las unidades Ecosteryl?<\/h3>\n<p>El equipo Ecosteryl solo requiere una conexi\u00f3n el\u00e9ctrica (sin qu\u00edmicos, agua o combustibles) y sus par\u00e1metros se pueden adaptar a la red el\u00e9ctrica de cualquier pa\u00eds. Los requisitos de instalaci\u00f3n consisten principalmente en garantizar un suministro de energ\u00eda estable y un acceso adecuado al lugar donde se albergar\u00e1 el equipo.<\/p>\n<h3>4) \u00bfCu\u00e1les son las condiciones de env\u00edo, manipulaci\u00f3n y embalaje?<\/h3>\n<p>Dependiendo del modelo, la tecnolog\u00eda Ecosteryl se env\u00eda en uno o dos contenedores de 20\u2032 o 40\u2032 especialmente preparados para el transporte mar\u00edtimo o terrestre. El tiempo de fabricaci\u00f3n es de 4 a 8 semanas.<\/p>\n<h3>5) \u00bfCu\u00e1l es la utilidad final de los residuos tratados?<\/h3>\n<p>Ecosteryl es la \u00fanica tecnolog\u00eda que permite reciclar los residuos tratados o eliminarlos de manera eficiente en un relleno sanitario gracias a una reducci\u00f3n de volumen del 80% y hasta un 10% de reducci\u00f3n de peso durante el proceso.<\/p>\n<h3>6) \u00bfSe requiere una temperatura ambiente espec\u00edfica para el funcionamiento correcto de las m\u00e1quinas Ecosteryl? \u00bfSer\u00eda necesario tener un sistema de aire acondicionado en la planta?<\/h3>\n<p>Ecosteryl puede operar a una temperatura ambiente que no sea superior a 35\u00b0C (95\u00b0F) y 80% de humedad. Si las condiciones son m\u00e1s severas, se requerir\u00e1 un sistema de aire acondicionado en la planta.<\/p>\n<h3>7) \u00bfCu\u00e1les son las opciones de mantenimiento y soporte disponibles?<\/h3>\n<p>El equipo local recibe una capacitaci\u00f3n intensiva durante la instalaci\u00f3n. Asimismo, nuestro equipo de ingenier\u00eda puede realizar un mantenimiento remoto, brindar soporte t\u00e9cnico y realizar intervenciones directas si es necesario.<\/p>\n<p>El 80% del mantenimiento proviene de las cuchillas de la trituradora, la cual cuenta con un sistema antibloqueo que maximiza la vida \u00fatil de cada\u00a0componente.<\/p>\n<h3>8) \u00bfCu\u00e1ntas horas al d\u00eda pueden funcionar las unidades de Ecosteryl?<\/h3>\n<p>El equipo Ecosteryl puede operar 24\/7 y su proceso es continuo, lo que permite ahorrar tiempo y evita el dise\u00f1o de soluciones complejas de procesamiento por lotes.<\/p>\n<h3>9) \u00bfLas unidades de Ecosteryl generan emisiones t\u00f3xicas?<\/h3>\n<p>No. El sistema Ecosteryl no produce ninguna emisi\u00f3n (no hay rechazo de agua, vapor o productos qu\u00edmicos).<\/p>\n<\/div><\/div>\n    <div class=\"col-md-2\"><\/div>\n  <\/div>\n<\/div>\n\n\n\n\n<section id=\"ets-block_9a614831c4434e29ccf2482dc32b71e0\" class=\"block__select_js wrapper__machines--columns\">\n     <div class=\"container py-5\">\n          <div class=\"content--infos mb-5\">\n               \n                         <\/div>\n\n          <div class=\"blog__listing blog__listing--lastnews slider__four_col post__object mt-md-3 mt-5\">\n                                   \n                    <a href=\"https:\/\/www.ecosteryl.com\/es\/maquinas-de-informacion\/ecosteryl-75\/\" class=\"machine--column__object mr-3\">\n                         <div class=\"machine--column__object--top d-block\">\n                              <div class=\"machine--column__object--image wrapper__img mt-5 mt-md-0\">\n                                                                      <img decoding=\"async\" class=\"machine--img\" src=\"https:\/\/www.ecosteryl.com\/app\/uploads\/2021\/04\/machine-ecosteryl-75-min-1.png\" alt=\"\">\n                                   \n                                                                      <p class=\"img--number font__gradient\">75<\/p>\n                                                                 <\/div>\n                         <\/div>\n\n                         <div class=\"post__object--bottom d-flex flex-column align-items-between justify-content-between\">\n                              <div class=\"machine--column__content overflow-hidden\">\n                                                                      <h3 class=\"machine--column__object--title mt-2\">Ecosteryl 75<\/h3>\n                                   \n                                                                      <p class=\"machine--column__object--text\">La Ecosteryl 75 fue dise\u00f1ada para aquellos hospitales que deseen tratar sus propios residuos infecciosos por medio de una soluci\u00f3n compacta in situ.<\/p>\n                                                                 <\/div>\n\n                                                            <p class=\"machine--column__object--subtext border-top mb-0 pt-3\">Tratamiento de residuos m\u00e9dicos<\/p>\n                              \n                         <\/div>\n                    <\/a>\n                                   \n                    <a href=\"https:\/\/www.ecosteryl.com\/es\/maquinas-de-informacion\/ecosteryl-75-2\/\" class=\"machine--column__object mr-3\">\n                         <div class=\"machine--column__object--top d-block\">\n                              <div class=\"machine--column__object--image wrapper__img mt-5 mt-md-0\">\n                                                                      <img decoding=\"async\" class=\"machine--img\" src=\"https:\/\/www.ecosteryl.com\/app\/uploads\/2021\/04\/machine-ecosteryl-75-2.png\" alt=\"\">\n                                   \n                                                                      <p class=\"img--number font__gradient\">75+<\/p>\n                                                                 <\/div>\n                         <\/div>\n\n                         <div class=\"post__object--bottom d-flex flex-column align-items-between justify-content-between\">\n                              <div class=\"machine--column__content overflow-hidden\">\n                                                                      <h3 class=\"machine--column__object--title mt-2\">Ecosteryl 75+<\/h3>\n                                   \n                                                                      <p class=\"machine--column__object--text\">La Ecosteryl 75+ evita la carga manual de los residuos gracias a un dispositivo autom\u00e1tico de elevaci\u00f3n del contenedor.<\/p>\n                                                                 <\/div>\n\n                                                            <p class=\"machine--column__object--subtext border-top mb-0 pt-3\">Tratamiento de residuos m\u00e9dicos<\/p>\n                              \n                         <\/div>\n                    <\/a>\n                                   \n                    <a href=\"https:\/\/www.ecosteryl.com\/es\/maquinas-de-informacion\/ecosteryl-125\/\" class=\"machine--column__object mr-3\">\n                         <div class=\"machine--column__object--top d-block\">\n                              <div class=\"machine--column__object--image wrapper__img mt-5 mt-md-0\">\n                                                                      <img decoding=\"async\" class=\"machine--img\" src=\"https:\/\/www.ecosteryl.com\/app\/uploads\/2021\/04\/machine-ecosteryl-125-min-1.png\" alt=\"\">\n                                   \n                                                                      <p class=\"img--number font__gradient\">125<\/p>\n                                                                 <\/div>\n                         <\/div>\n\n                         <div class=\"post__object--bottom d-flex flex-column align-items-between justify-content-between\">\n                              <div class=\"machine--column__content overflow-hidden\">\n                                                                      <h3 class=\"machine--column__object--title mt-2\">Ecosteryl 125<\/h3>\n                                   \n                                                                      <p class=\"machine--column__object--text\">La Ecosteryl 125 fue dise\u00f1ada para los hospitales medianos y grandes, as\u00ed como los proveedores de servicios que deseen equiparse con una soluci\u00f3n sostenible <\/p>\n                                                                 <\/div>\n\n                                                            <p class=\"machine--column__object--subtext border-top mb-0 pt-3\">Tratamiento de residuos m\u00e9dicos<\/p>\n                              \n                         <\/div>\n                    <\/a>\n                                   \n                    <a href=\"https:\/\/www.ecosteryl.com\/es\/maquinas-de-informacion\/ecosteryl-250\/\" class=\"machine--column__object mr-3\">\n                         <div class=\"machine--column__object--top d-block\">\n                              <div class=\"machine--column__object--image wrapper__img mt-5 mt-md-0\">\n                                                                      <img decoding=\"async\" class=\"machine--img\" src=\"https:\/\/www.ecosteryl.com\/app\/uploads\/2021\/04\/machine-ecosteryl-250-min-1.png\" alt=\"\">\n                                   \n                                                                      <p class=\"img--number font__gradient\">250<\/p>\n                                                                 <\/div>\n                         <\/div>\n\n                         <div class=\"post__object--bottom d-flex flex-column align-items-between justify-content-between\">\n                              <div class=\"machine--column__content overflow-hidden\">\n                                                                      <h3 class=\"machine--column__object--title mt-2\">Ecosteryl 250<\/h3>\n                                   \n                                                                      <p class=\"machine--column__object--text\">La Ecosteryl 250 fue dise\u00f1ada para los proveedores de servicios que deseen equiparse de una soluci\u00f3n sostenible. <\/p>\n                                                                 <\/div>\n\n                                                            <p class=\"machine--column__object--subtext border-top mb-0 pt-3\">Tratamiento de residuos m\u00e9dicos<\/p>\n                              \n                         <\/div>\n                    <\/a>\n                                   \n                    <a href=\"https:\/\/www.ecosteryl.com\/es\/maquinas-de-informacion\/r-steryl\/\" class=\"machine--column__object mr-3\">\n                         <div class=\"machine--column__object--top d-block\">\n                              <div class=\"machine--column__object--image wrapper__img mt-5 mt-md-0\">\n                                                                      <img decoding=\"async\" class=\"machine--img\" src=\"https:\/\/www.ecosteryl.com\/app\/uploads\/2021\/04\/r-steryl-min.png\" alt=\"\">\n                                   \n                                                                      <p class=\"img--number font__gradient\">R<\/p>\n                                                                 <\/div>\n                         <\/div>\n\n                         <div class=\"post__object--bottom d-flex flex-column align-items-between justify-content-between\">\n                              <div class=\"machine--column__content overflow-hidden\">\n                                                                      <h3 class=\"machine--column__object--title mt-2\">R-Steryl<\/h3>\n                                   \n                                                                      <p class=\"machine--column__object--text\">La R-Steryl es un centro de clasificaci\u00f3n que se ubica detr\u00e1s de una Ecosteryl. Este proceso, \u00fanico en el mundo, permite clasificar y separar los residuos previamente desinfectados por las m\u00e1quinas Ecosteryl con el fin de reutilizarlos. <\/p>\n                                                                 <\/div>\n\n                                                            <p class=\"machine--column__object--subtext border-top mb-0 pt-3\">Clasificaci\u00f3n de residuos m\u00e9dicos<\/p>\n                              \n                         <\/div>\n                    <\/a>\n                                   \n                    <a href=\"https:\/\/www.ecosteryl.com\/es\/maquinas-de-informacion\/ecosteryl-500\/\" class=\"machine--column__object mr-3\">\n                         <div class=\"machine--column__object--top d-block\">\n                              <div class=\"machine--column__object--image wrapper__img mt-5 mt-md-0\">\n                                                                      <img decoding=\"async\" class=\"machine--img\" src=\"https:\/\/www.ecosteryl.com\/app\/uploads\/2025\/01\/miysis-3d-ecosteryl-ecosteryl-500-front3-4-v04-alpha8.png\" alt=\"La nouvelle Ecosteryl 500. Capable de traiter 500 kg de d\u00e9chets m\u00e9dicaux \u00e0 l'heure en continu.\">\n                                   \n                                                                      <p class=\"img--number font__gradient\">500<\/p>\n                                                                 <\/div>\n                         <\/div>\n\n                         <div class=\"post__object--bottom d-flex flex-column align-items-between justify-content-between\">\n                              <div class=\"machine--column__content overflow-hidden\">\n                                                                      <h3 class=\"machine--column__object--title mt-2\">Ecosteryl 500<\/h3>\n                                   \n                                                                      <p class=\"machine--column__object--text\">Esta m\u00e1quina es nuestra nueva incorporaci\u00f3n. Es ideal para los profesionales que desean tratar grandes vol\u00famenes de residuos hospitalarios las 24 horas del d\u00eda.<\/p>\n                                                                 <\/div>\n\n                                                            <p class=\"machine--column__object--subtext border-top mb-0 pt-3\">Tratamiento de residuos m\u00e9dicos<\/p>\n                              \n                         <\/div>\n                    <\/a>\n                         <\/div>\n     <\/div>\n<\/section>         \n","protected":false},"excerpt":{"rendered":"","protected":false},"author":2,"featured_media":0,"parent":0,"menu_order":0,"comment_status":"closed","ping_status":"closed","template":"","meta":{"_acf_changed":false,"inline_featured_image":false,"footnotes":""},"class_list":["post-4903","page","type-page","status-publish","hentry"],"acf":[],"yoast_head":"<!-- This site is optimized with the Yoast SEO plugin v27.4 - https:\/\/yoast.com\/product\/yoast-seo-wordpress\/ -->\n<title>F.A.Q. - Ecosteryl<\/title>\n<meta name=\"description\" content=\"Respondemos a sus preguntas m\u00e1s frecuentes sobre el tratamiento de residuos m\u00e9dicos infecciosos.\" \/>\n<meta name=\"robots\" content=\"index, follow, max-snippet:-1, max-image-preview:large, max-video-preview:-1\" \/>\n<link rel=\"canonical\" href=\"https:\/\/www.ecosteryl.com\/es\/faq\/\" \/>\n<meta property=\"og:locale\" content=\"es_ES\" \/>\n<meta property=\"og:type\" content=\"article\" \/>\n<meta property=\"og:title\" content=\"F.A.Q. - Ecosteryl\" \/>\n<meta property=\"og:description\" content=\"Respondemos a sus preguntas m\u00e1s frecuentes sobre el tratamiento de residuos m\u00e9dicos infecciosos.\" \/>\n<meta property=\"og:url\" content=\"https:\/\/www.ecosteryl.com\/es\/faq\/\" \/>\n<meta property=\"og:site_name\" content=\"Ecosteryl\" \/>\n<meta property=\"article:publisher\" content=\"https:\/\/www.facebook.com\/Ecosteryl\" \/>\n<meta property=\"article:modified_time\" content=\"2023-07-19T08:55:16+00:00\" \/>\n<meta property=\"og:image\" content=\"https:\/\/www.ecosteryl.com\/app\/uploads\/2021\/05\/opengraphe-fr.jpg\" \/>\n\t<meta property=\"og:image:width\" content=\"1200\" \/>\n\t<meta property=\"og:image:height\" content=\"628\" \/>\n\t<meta property=\"og:image:type\" content=\"image\/jpeg\" \/>\n<meta name=\"twitter:card\" content=\"summary_large_image\" \/>\n<meta name=\"twitter:site\" content=\"@ecosteryl\" \/>\n<script type=\"application\/ld+json\" class=\"yoast-schema-graph\">{\"@context\":\"https:\\\/\\\/schema.org\",\"@graph\":[{\"@type\":\"WebPage\",\"@id\":\"https:\\\/\\\/www.ecosteryl.com\\\/es\\\/faq\\\/\",\"url\":\"https:\\\/\\\/www.ecosteryl.com\\\/es\\\/faq\\\/\",\"name\":\"F.A.Q. - Ecosteryl\",\"isPartOf\":{\"@id\":\"https:\\\/\\\/www.ecosteryl.com\\\/en\\\/#website\"},\"datePublished\":\"2021-05-12T17:20:23+00:00\",\"dateModified\":\"2023-07-19T08:55:16+00:00\",\"description\":\"Respondemos a sus preguntas m\u00e1s frecuentes sobre el tratamiento de residuos m\u00e9dicos infecciosos.\",\"breadcrumb\":{\"@id\":\"https:\\\/\\\/www.ecosteryl.com\\\/es\\\/faq\\\/#breadcrumb\"},\"inLanguage\":\"es-ES\",\"potentialAction\":[{\"@type\":\"ReadAction\",\"target\":[\"https:\\\/\\\/www.ecosteryl.com\\\/es\\\/faq\\\/\"]}]},{\"@type\":\"BreadcrumbList\",\"@id\":\"https:\\\/\\\/www.ecosteryl.com\\\/es\\\/faq\\\/#breadcrumb\",\"itemListElement\":[{\"@type\":\"ListItem\",\"position\":1,\"name\":\"Accueil\",\"item\":\"https:\\\/\\\/www.ecosteryl.com\\\/es\\\/\"},{\"@type\":\"ListItem\",\"position\":2,\"name\":\"F.A.Q.\"}]},{\"@type\":\"WebSite\",\"@id\":\"https:\\\/\\\/www.ecosteryl.com\\\/en\\\/#website\",\"url\":\"https:\\\/\\\/www.ecosteryl.com\\\/en\\\/\",\"name\":\"Ecosteryl\",\"description\":\"\",\"potentialAction\":[{\"@type\":\"SearchAction\",\"target\":{\"@type\":\"EntryPoint\",\"urlTemplate\":\"https:\\\/\\\/www.ecosteryl.com\\\/en\\\/?s={search_term_string}\"},\"query-input\":{\"@type\":\"PropertyValueSpecification\",\"valueRequired\":true,\"valueName\":\"search_term_string\"}}],\"inLanguage\":\"es-ES\"}]}<\/script>\n<!-- \/ Yoast SEO plugin. -->","yoast_head_json":{"title":"F.A.Q. - Ecosteryl","description":"Respondemos a sus preguntas m\u00e1s frecuentes sobre el tratamiento de residuos m\u00e9dicos infecciosos.","robots":{"index":"index","follow":"follow","max-snippet":"max-snippet:-1","max-image-preview":"max-image-preview:large","max-video-preview":"max-video-preview:-1"},"canonical":"https:\/\/www.ecosteryl.com\/es\/faq\/","og_locale":"es_ES","og_type":"article","og_title":"F.A.Q. - Ecosteryl","og_description":"Respondemos a sus preguntas m\u00e1s frecuentes sobre el tratamiento de residuos m\u00e9dicos infecciosos.","og_url":"https:\/\/www.ecosteryl.com\/es\/faq\/","og_site_name":"Ecosteryl","article_publisher":"https:\/\/www.facebook.com\/Ecosteryl","article_modified_time":"2023-07-19T08:55:16+00:00","og_image":[{"width":1200,"height":628,"url":"https:\/\/www.ecosteryl.com\/app\/uploads\/2021\/05\/opengraphe-fr.jpg","type":"image\/jpeg"}],"twitter_card":"summary_large_image","twitter_site":"@ecosteryl","schema":{"@context":"https:\/\/schema.org","@graph":[{"@type":"WebPage","@id":"https:\/\/www.ecosteryl.com\/es\/faq\/","url":"https:\/\/www.ecosteryl.com\/es\/faq\/","name":"F.A.Q. - Ecosteryl","isPartOf":{"@id":"https:\/\/www.ecosteryl.com\/en\/#website"},"datePublished":"2021-05-12T17:20:23+00:00","dateModified":"2023-07-19T08:55:16+00:00","description":"Respondemos a sus preguntas m\u00e1s frecuentes sobre el tratamiento de residuos m\u00e9dicos infecciosos.","breadcrumb":{"@id":"https:\/\/www.ecosteryl.com\/es\/faq\/#breadcrumb"},"inLanguage":"es-ES","potentialAction":[{"@type":"ReadAction","target":["https:\/\/www.ecosteryl.com\/es\/faq\/"]}]},{"@type":"BreadcrumbList","@id":"https:\/\/www.ecosteryl.com\/es\/faq\/#breadcrumb","itemListElement":[{"@type":"ListItem","position":1,"name":"Accueil","item":"https:\/\/www.ecosteryl.com\/es\/"},{"@type":"ListItem","position":2,"name":"F.A.Q."}]},{"@type":"WebSite","@id":"https:\/\/www.ecosteryl.com\/en\/#website","url":"https:\/\/www.ecosteryl.com\/en\/","name":"Ecosteryl","description":"","potentialAction":[{"@type":"SearchAction","target":{"@type":"EntryPoint","urlTemplate":"https:\/\/www.ecosteryl.com\/en\/?s={search_term_string}"},"query-input":{"@type":"PropertyValueSpecification","valueRequired":true,"valueName":"search_term_string"}}],"inLanguage":"es-ES"}]}},"_links":{"self":[{"href":"https:\/\/www.ecosteryl.com\/es\/wp-json\/wp\/v2\/pages\/4903","targetHints":{"allow":["GET"]}}],"collection":[{"href":"https:\/\/www.ecosteryl.com\/es\/wp-json\/wp\/v2\/pages"}],"about":[{"href":"https:\/\/www.ecosteryl.com\/es\/wp-json\/wp\/v2\/types\/page"}],"author":[{"embeddable":true,"href":"https:\/\/www.ecosteryl.com\/es\/wp-json\/wp\/v2\/users\/2"}],"replies":[{"embeddable":true,"href":"https:\/\/www.ecosteryl.com\/es\/wp-json\/wp\/v2\/comments?post=4903"}],"version-history":[{"count":9,"href":"https:\/\/www.ecosteryl.com\/es\/wp-json\/wp\/v2\/pages\/4903\/revisions"}],"predecessor-version":[{"id":21769,"href":"https:\/\/www.ecosteryl.com\/es\/wp-json\/wp\/v2\/pages\/4903\/revisions\/21769"}],"wp:attachment":[{"href":"https:\/\/www.ecosteryl.com\/es\/wp-json\/wp\/v2\/media?parent=4903"}],"curies":[{"name":"wp","href":"https:\/\/api.w.org\/{rel}","templated":true}]}}