{"id":4933,"date":"2021-05-04T08:32:07","date_gmt":"2021-05-04T08:32:07","guid":{"rendered":"https:\/\/www.ecosteryl.com\/espace-clients\/"},"modified":"2023-07-19T13:38:43","modified_gmt":"2023-07-19T13:38:43","slug":"espacio-clientes","status":"publish","type":"page","link":"https:\/\/www.ecosteryl.com\/es\/espacio-clientes\/","title":{"rendered":"Espacio clientes"},"content":{"rendered":"\n<div  id=\"ets-block_805fa1a02d973258d93fc4b2ea4ec7fe\" class=\"container\">\n  <div class=\"row py-section\">\n    <div class=\"col-md-11\"><h2 class=\"h1 section__title font__gradient mb-4\">Seguimiento y proximidad con cada cliente Ecosteryl <\/h2><div class=\"section__content\"><p>Como cliente Ecosteryl, recibir\u00e1 un acceso privilegiado a una plataforma dise\u00f1ada para los clientes.<br \/>\nEsto le permitir\u00e1 seguir todo el proceso de fabricaci\u00f3n y entrega de su m\u00e1quina.<\/p>\n<\/div><\/div>\n    <div class=\"col-md-1\"><\/div>\n  <\/div>\n<\/div>\n","protected":false},"excerpt":{"rendered":"","protected":false},"author":1,"featured_media":0,"parent":0,"menu_order":0,"comment_status":"closed","ping_status":"closed","template":"","meta":{"_acf_changed":false,"inline_featured_image":false,"footnotes":""},"class_list":["post-4933","page","type-page","status-publish","hentry"],"acf":[],"yoast_head":"<!-- This site is optimized with the Yoast SEO plugin v20.2.1 - https:\/\/yoast.com\/wordpress\/plugins\/seo\/ -->\n<title>Espacio clientes - Ecosteryl<\/title>\n<meta name=\"description\" content=\"Como cliente de Ecosteryl, recibir\u00e1 un acceso privilegiado a la plataforma de clientes.\" \/>\n<meta name=\"robots\" content=\"index, follow, max-snippet:-1, max-image-preview:large, max-video-preview:-1\" \/>\n<link rel=\"canonical\" href=\"https:\/\/www.ecosteryl.com\/es\/espacio-clientes\/\" \/>\n<meta property=\"og:locale\" content=\"es_ES\" \/>\n<meta property=\"og:type\" content=\"article\" \/>\n<meta property=\"og:title\" content=\"Espacio clientes - Ecosteryl\" \/>\n<meta property=\"og:description\" content=\"Como cliente de Ecosteryl, recibir\u00e1 un acceso privilegiado a la plataforma de clientes.\" \/>\n<meta property=\"og:url\" content=\"https:\/\/www.ecosteryl.com\/es\/espacio-clientes\/\" \/>\n<meta property=\"og:site_name\" content=\"Ecosteryl\" \/>\n<meta property=\"article:publisher\" content=\"https:\/\/www.facebook.com\/Ecosteryl\" \/>\n<meta property=\"article:modified_time\" content=\"2023-07-19T13:38:43+00:00\" \/>\n<meta property=\"og:image\" content=\"https:\/\/www.ecosteryl.com\/app\/uploads\/2021\/05\/opengraphe-fr.jpg\" \/>\n\t<meta property=\"og:image:width\" content=\"1200\" \/>\n\t<meta property=\"og:image:height\" content=\"628\" \/>\n\t<meta property=\"og:image:type\" content=\"image\/jpeg\" \/>\n<meta name=\"twitter:card\" content=\"summary_large_image\" \/>\n<meta name=\"twitter:site\" content=\"@ecosteryl\" \/>\n<script type=\"application\/ld+json\" class=\"yoast-schema-graph\">{\"@context\":\"https:\/\/schema.org\",\"@graph\":[{\"@type\":\"WebPage\",\"@id\":\"https:\/\/www.ecosteryl.com\/es\/espacio-clientes\/\",\"url\":\"https:\/\/www.ecosteryl.com\/es\/espacio-clientes\/\",\"name\":\"Espacio clientes - Ecosteryl\",\"isPartOf\":{\"@id\":\"https:\/\/www.ecosteryl.com\/en\/#website\"},\"datePublished\":\"2021-05-04T08:32:07+00:00\",\"dateModified\":\"2023-07-19T13:38:43+00:00\",\"description\":\"Como cliente de Ecosteryl, recibir\u00e1 un acceso privilegiado a la plataforma de clientes.\",\"breadcrumb\":{\"@id\":\"https:\/\/www.ecosteryl.com\/es\/espacio-clientes\/#breadcrumb\"},\"inLanguage\":\"es-ES\",\"potentialAction\":[{\"@type\":\"ReadAction\",\"target\":[\"https:\/\/www.ecosteryl.com\/es\/espacio-clientes\/\"]}]},{\"@type\":\"BreadcrumbList\",\"@id\":\"https:\/\/www.ecosteryl.com\/es\/espacio-clientes\/#breadcrumb\",\"itemListElement\":[{\"@type\":\"ListItem\",\"position\":1,\"name\":\"Accueil\",\"item\":\"https:\/\/www.ecosteryl.com\/es\/\"},{\"@type\":\"ListItem\",\"position\":2,\"name\":\"Espacio clientes\"}]},{\"@type\":\"WebSite\",\"@id\":\"https:\/\/www.ecosteryl.com\/en\/#website\",\"url\":\"https:\/\/www.ecosteryl.com\/en\/\",\"name\":\"Ecosteryl\",\"description\":\"\",\"potentialAction\":[{\"@type\":\"SearchAction\",\"target\":{\"@type\":\"EntryPoint\",\"urlTemplate\":\"https:\/\/www.ecosteryl.com\/en\/?s={search_term_string}\"},\"query-input\":\"required name=search_term_string\"}],\"inLanguage\":\"es-ES\"}]}<\/script>\n<!-- \/ Yoast SEO plugin. -->","yoast_head_json":{"title":"Espacio clientes - Ecosteryl","description":"Como cliente de Ecosteryl, recibir\u00e1 un acceso privilegiado a la plataforma de clientes.","robots":{"index":"index","follow":"follow","max-snippet":"max-snippet:-1","max-image-preview":"max-image-preview:large","max-video-preview":"max-video-preview:-1"},"canonical":"https:\/\/www.ecosteryl.com\/es\/espacio-clientes\/","og_locale":"es_ES","og_type":"article","og_title":"Espacio clientes - Ecosteryl","og_description":"Como cliente de Ecosteryl, recibir\u00e1 un acceso privilegiado a la plataforma de clientes.","og_url":"https:\/\/www.ecosteryl.com\/es\/espacio-clientes\/","og_site_name":"Ecosteryl","article_publisher":"https:\/\/www.facebook.com\/Ecosteryl","article_modified_time":"2023-07-19T13:38:43+00:00","og_image":[{"width":1200,"height":628,"url":"https:\/\/www.ecosteryl.com\/app\/uploads\/2021\/05\/opengraphe-fr.jpg","type":"image\/jpeg"}],"twitter_card":"summary_large_image","twitter_site":"@ecosteryl","schema":{"@context":"https:\/\/schema.org","@graph":[{"@type":"WebPage","@id":"https:\/\/www.ecosteryl.com\/es\/espacio-clientes\/","url":"https:\/\/www.ecosteryl.com\/es\/espacio-clientes\/","name":"Espacio clientes - Ecosteryl","isPartOf":{"@id":"https:\/\/www.ecosteryl.com\/en\/#website"},"datePublished":"2021-05-04T08:32:07+00:00","dateModified":"2023-07-19T13:38:43+00:00","description":"Como cliente de Ecosteryl, recibir\u00e1 un acceso privilegiado a la plataforma de clientes.","breadcrumb":{"@id":"https:\/\/www.ecosteryl.com\/es\/espacio-clientes\/#breadcrumb"},"inLanguage":"es-ES","potentialAction":[{"@type":"ReadAction","target":["https:\/\/www.ecosteryl.com\/es\/espacio-clientes\/"]}]},{"@type":"BreadcrumbList","@id":"https:\/\/www.ecosteryl.com\/es\/espacio-clientes\/#breadcrumb","itemListElement":[{"@type":"ListItem","position":1,"name":"Accueil","item":"https:\/\/www.ecosteryl.com\/es\/"},{"@type":"ListItem","position":2,"name":"Espacio clientes"}]},{"@type":"WebSite","@id":"https:\/\/www.ecosteryl.com\/en\/#website","url":"https:\/\/www.ecosteryl.com\/en\/","name":"Ecosteryl","description":"","potentialAction":[{"@type":"SearchAction","target":{"@type":"EntryPoint","urlTemplate":"https:\/\/www.ecosteryl.com\/en\/?s={search_term_string}"},"query-input":"required name=search_term_string"}],"inLanguage":"es-ES"}]}},"_links":{"self":[{"href":"https:\/\/www.ecosteryl.com\/es\/wp-json\/wp\/v2\/pages\/4933","targetHints":{"allow":["GET"]}}],"collection":[{"href":"https:\/\/www.ecosteryl.com\/es\/wp-json\/wp\/v2\/pages"}],"about":[{"href":"https:\/\/www.ecosteryl.com\/es\/wp-json\/wp\/v2\/types\/page"}],"author":[{"embeddable":true,"href":"https:\/\/www.ecosteryl.com\/es\/wp-json\/wp\/v2\/users\/1"}],"replies":[{"embeddable":true,"href":"https:\/\/www.ecosteryl.com\/es\/wp-json\/wp\/v2\/comments?post=4933"}],"version-history":[{"count":9,"href":"https:\/\/www.ecosteryl.com\/es\/wp-json\/wp\/v2\/pages\/4933\/revisions"}],"predecessor-version":[{"id":21821,"href":"https:\/\/www.ecosteryl.com\/es\/wp-json\/wp\/v2\/pages\/4933\/revisions\/21821"}],"wp:attachment":[{"href":"https:\/\/www.ecosteryl.com\/es\/wp-json\/wp\/v2\/media?parent=4933"}],"curies":[{"name":"wp","href":"https:\/\/api.w.org\/{rel}","templated":true}]}}